{"id":135,"date":"2024-01-09T11:09:37","date_gmt":"2024-01-09T09:09:37","guid":{"rendered":"https:\/\/wpdev.codr.run\/primus-personal\/"},"modified":"2024-04-24T10:09:17","modified_gmt":"2024-04-24T08:09:17","slug":"primus-personal","status":"publish","type":"page","link":"https:\/\/primus-personal.com\/cs\/","title":{"rendered":"Primus Personal"},"content":{"rendered":"<p>[et_pb_section fb_built=&#8220;1&#8243; admin_label=&#8220;Header&#8220; _builder_version=&#8220;4.25.0&#8243; _module_preset=&#8220;default&#8220; background_color=&#8220;#4449E0&#8243; max_height=&#8220;400px&#8220; custom_padding=&#8220;54px|||||&#8220; collapsed=&#8220;off&#8220; global_colors_info=&#8220;{}&#8220;][et_pb_row column_structure=&#8220;3_5,2_5&#8243; _builder_version=&#8220;4.19.2&#8243; _module_preset=&#8220;default&#8220; global_colors_info=&#8220;{}&#8220;][et_pb_column type=&#8220;3_5&#8243; _builder_version=&#8220;4.19.2&#8243; _module_preset=&#8220;default&#8220; global_colors_info=&#8220;{}&#8220;][et_pb_text _builder_version=&#8220;4.23.4&#8243; _module_preset=&#8220;46b2930d-1d03-448e-a1af-4b2579c34527&#8243; text_font_size=&#8220;19px&#8220; header_4_text_color=&#8220;#FFFFFF&#8220; header_4_font_size=&#8220;16px&#8220; custom_margin=&#8220;||-10px||false|false&#8220; global_colors_info=&#8220;{}&#8220;]<\/p>\n<h4>MONTAGE<\/h4>\n<p>[\/et_pb_text][et_pb_text _builder_version=&#8220;4.23.4&#8243; _module_preset=&#8220;bc5594e2-6e27-40d1-b091-cd58b97dead5&#8243; header_font=&#8220;Orbitron|700||on|||||&#8220; header_text_color=&#8220;#FFFFFF&#8220; header_font_size=&#8220;52px&#8220; z_index=&#8220;12&#8243; global_colors_info=&#8220;{}&#8220;]<\/p>\n<h1>Primus Personal<\/h1>\n<p>[\/et_pb_text][et_pb_text _builder_version=&#8220;4.24.2&#8243; _module_preset=&#8220;169e6081-40cc-47d2-9293-73afcfb744ee&#8220; text_font=&#8220;|700|||||||&#8220; text_text_color=&#8220;#FFFFFF&#8220; text_font_size=&#8220;18px&#8220; global_colors_info=&#8220;{}&#8220;]<\/p>\n<p>St\u00e1le hled\u00e1 zaj\u00edmavou a dob\u0159e placenou pr\u00e1ci<br \/>Pak je pro v\u00e1s <span style=\"text-decoration: underline;\">Primus Personal<\/span> t\u00edm prav\u00fdm m\u00edstem!<\/p>\n<p>[\/et_pb_text][\/et_pb_column][et_pb_column type=&#8220;2_5&#8243; _builder_version=&#8220;4.19.2&#8243; _module_preset=&#8220;default&#8220; global_colors_info=&#8220;{}&#8220;][et_pb_image src=&#8220;https:\/\/wpdev.codr.run\/wp-content\/uploads\/2024\/03\/primus-personal-montage-job-de.webp&#8220; alt=&#8220;primus-personal-montage-job-de&#8220; title_text=&#8220;primus-personal-montage-job-de&#8220; align=&#8220;center&#8220; disabled_on=&#8220;off|off|off&#8220; _builder_version=&#8220;4.24.2&#8243; _module_preset=&#8220;default&#8220; custom_padding=&#8220;|||20px|false|false&#8220; global_colors_info=&#8220;{}&#8220;][\/et_pb_image][\/et_pb_column][\/et_pb_row][\/et_pb_section][et_pb_section fb_built=&#8220;1&#8243; admin_label=&#8220;Courses&#8220; _builder_version=&#8220;4.19.2&#8243; _module_preset=&#8220;default&#8220; background_color=&#8220;#F8FAFB&#8220; collapsed=&#8220;off&#8220; global_colors_info=&#8220;{}&#8220;][et_pb_row _builder_version=&#8220;4.19.2&#8243; _module_preset=&#8220;default&#8220; global_colors_info=&#8220;{}&#8220;][et_pb_column type=&#8220;4_4&#8243; _builder_version=&#8220;4.19.2&#8243; _module_preset=&#8220;default&#8220; global_colors_info=&#8220;{}&#8220;][et_pb_text _builder_version=&#8220;4.24.2&#8243; _module_preset=&#8220;06f971e5-3766-479d-b5fd-edc350a71ce9&#8243; text_orientation=&#8220;center&#8220; custom_margin=&#8220;50px||-50px||false|false&#8220; global_colors_info=&#8220;{}&#8220;]<\/p>\n<h2>Jobs<\/h2>\n<p>[\/et_pb_text][\/et_pb_column][\/et_pb_row][et_pb_row column_structure=&#8220;1_3,1_3,1_3&#8243; make_equal=&#8220;on&#8220; custom_padding_last_edited=&#8220;on|tablet&#8220; _builder_version=&#8220;4.24.2&#8243; _module_preset=&#8220;default&#8220; custom_padding_tablet=&#8220;||0px||false|false&#8220; custom_padding_phone=&#8220;||0px||false|false&#8220; global_colors_info=&#8220;{}&#8220;][et_pb_column type=&#8220;1_3&#8243; _builder_version=&#8220;4.19.2&#8243; _module_preset=&#8220;default&#8220; background_color=&#8220;#FFFFFF&#8220; custom_padding=&#8220;20px|20px|20px|20px|true|true&#8220; border_radii=&#8220;on|15px|15px|15px|15px&#8220; global_colors_info=&#8220;{}&#8220;][et_pb_image src=&#8220;https:\/\/wpdev.codr.run\/wp-content\/uploads\/2024\/03\/primus-personal-montage-elektriker-square.webp&#8220; alt=&#8220;primus-personal-montage-elektriker-square&#8220; title_text=&#8220;primus-personal-montage-elektriker-square&#8220; url=&#8220;https:\/\/wpdev.codr.run\/cs\/primus-personal-elektriker-cz\/&#8220; align=&#8220;center&#8220; _builder_version=&#8220;4.24.2&#8243; _module_preset=&#8220;default&#8220; background_color=&#8220;#FFFFFF&#8220; background_enable_image=&#8220;off&#8220; custom_padding=&#8220;0px|0px|0px|0px|true|true&#8220; border_radii=&#8220;off|50px||50px|&#8220; global_colors_info=&#8220;{}&#8220;][\/et_pb_image][et_pb_text _builder_version=&#8220;4.19.2&#8243; _module_preset=&#8220;cd8a8474-0336-4d4c-9e35-3733c021206f&#8220; custom_margin=&#8220;||0px||false|false&#8220; global_colors_info=&#8220;{}&#8220;]<\/p>\n<h3>Elektrik\u00e1\u0159<\/h3>\n<p>[\/et_pb_text][et_pb_text _builder_version=&#8220;4.24.2&#8243; _module_preset=&#8220;58f808e8-7ae3-4b54-83bb-b0915097b9d0&#8243; global_colors_info=&#8220;{}&#8220;]cel\u00e9 N\u011bmecko &#8211; pln\u00fd \u00favazek[\/et_pb_text][et_pb_button button_url=&#8220;https:\/\/wpdev.codr.run\/cs\/primus-personal-elektriker-cz\/&#8220; button_text=&#8220;POPIS PR\u00c1CE&#8220; button_alignment=&#8220;center&#8220; _builder_version=&#8220;4.24.2&#8243; _module_preset=&#8220;default&#8220; custom_button=&#8220;on&#8220; button_border_width=&#8220;1px&#8220; button_border_radius=&#8220;5px&#8220; button_use_icon=&#8220;off&#8220; custom_padding=&#8220;10px||10px||true|true&#8220; global_colors_info=&#8220;{}&#8220; button_border_width__hover_enabled=&#8220;on|desktop&#8220; button_border_width__hover=&#8220;1px&#8220;][\/et_pb_button][et_pb_button _builder_version=&#8220;4.24.2&#8243; _module_preset=&#8220;default&#8220; global_colors_info=&#8220;{}&#8220;][\/et_pb_button][\/et_pb_column][et_pb_column type=&#8220;1_3&#8243; _builder_version=&#8220;4.19.2&#8243; _module_preset=&#8220;default&#8220; background_color=&#8220;#FFFFFF&#8220; custom_padding=&#8220;20px|20px|20px|20px|true|true&#8220; border_radii=&#8220;on|15px|15px|15px|15px&#8220; global_colors_info=&#8220;{}&#8220;][et_pb_image src=&#8220;https:\/\/wpdev.codr.run\/wp-content\/uploads\/2024\/03\/primus-personal-montage-klempner-square.webp&#8220; alt=&#8220;primus-personal-montage-klempner-square&#8220; title_text=&#8220;primus-personal-montage-klempner-square&#8220; url=&#8220;https:\/\/wpdev.codr.run\/cs\/primus-personal-klempner-cz\/&#8220; align=&#8220;center&#8220; _builder_version=&#8220;4.24.2&#8243; _module_preset=&#8220;default&#8220; background_color=&#8220;#FFFFFF&#8220; background_enable_image=&#8220;off&#8220; custom_padding=&#8220;0px|0px|0px|0px|true|true&#8220; border_radii=&#8220;off|50px||50px|&#8220; global_colors_info=&#8220;{}&#8220;][\/et_pb_image][et_pb_text _builder_version=&#8220;4.24.2&#8243; _module_preset=&#8220;cd8a8474-0336-4d4c-9e35-3733c021206f&#8220; custom_margin=&#8220;||0px||false|false&#8220; global_colors_info=&#8220;{}&#8220;]<\/p>\n<h3>Instalat\u00e9r <\/h3>\n<p>[\/et_pb_text][et_pb_text _builder_version=&#8220;4.24.2&#8243; _module_preset=&#8220;58f808e8-7ae3-4b54-83bb-b0915097b9d0&#8243; global_colors_info=&#8220;{}&#8220;]cel\u00e9 N\u011bmecko &#8211; pln\u00fd \u00favazek[\/et_pb_text][et_pb_button button_url=&#8220;https:\/\/wpdev.codr.run\/cs\/primus-personal-klempner-cz\/&#8220; button_text=&#8220;POPIS PR\u00c1CE&#8220; button_alignment=&#8220;center&#8220; _builder_version=&#8220;4.24.2&#8243; _module_preset=&#8220;default&#8220; custom_button=&#8220;on&#8220; button_border_width=&#8220;1px&#8220; button_border_radius=&#8220;5px&#8220; button_use_icon=&#8220;off&#8220; custom_padding=&#8220;10px||10px||true|true&#8220; global_colors_info=&#8220;{}&#8220; button_border_width__hover_enabled=&#8220;on|desktop&#8220; button_border_width__hover=&#8220;1px&#8220;][\/et_pb_button][\/et_pb_column][et_pb_column type=&#8220;1_3&#8243; _builder_version=&#8220;4.19.2&#8243; _module_preset=&#8220;default&#8220; background_color=&#8220;#FFFFFF&#8220; custom_padding=&#8220;20px|20px|20px|20px|true|true&#8220; border_radii=&#8220;on|15px|15px|15px|15px&#8220; global_colors_info=&#8220;{}&#8220;][et_pb_image src=&#8220;https:\/\/wpdev.codr.run\/wp-content\/uploads\/2024\/03\/primus-personal-montage-kfz-mechaniker-square.webp&#8220; alt=&#8220;primus-personal-montage-kfz-mechaniker-square&#8220; title_text=&#8220;primus-personal-montage-kfz-mechaniker-square&#8220; url=&#8220;https:\/\/wpdev.codr.run\/cs\/primus-personal-kfz-lkw-mechaniker-cz\/&#8220; align=&#8220;center&#8220; _builder_version=&#8220;4.24.2&#8243; _module_preset=&#8220;default&#8220; background_color=&#8220;#FFFFFF&#8220; background_enable_image=&#8220;off&#8220; custom_padding=&#8220;0px|0px|0px|0px|true|true&#8220; border_radii=&#8220;off|50px||50px|&#8220; global_colors_info=&#8220;{}&#8220;][\/et_pb_image][et_pb_text _builder_version=&#8220;4.23.4&#8243; _module_preset=&#8220;cd8a8474-0336-4d4c-9e35-3733c021206f&#8220; custom_margin=&#8220;||0px||false|false&#8220; global_colors_info=&#8220;{}&#8220;]<\/p>\n<h3>Automechanik<\/h3>\n<p>[\/et_pb_text][et_pb_text _builder_version=&#8220;4.24.2&#8243; _module_preset=&#8220;58f808e8-7ae3-4b54-83bb-b0915097b9d0&#8243; global_colors_info=&#8220;{}&#8220;]cel\u00e9 N\u011bmecko &#8211; pln\u00fd \u00favazek[\/et_pb_text][et_pb_button button_url=&#8220;https:\/\/wpdev.codr.run\/cs\/primus-personal-kfz-lkw-mechaniker-cz\/&#8220; button_text=&#8220;POPIS PR\u00c1CE&#8220; button_alignment=&#8220;center&#8220; _builder_version=&#8220;4.24.2&#8243; _module_preset=&#8220;default&#8220; custom_button=&#8220;on&#8220; button_border_width=&#8220;1px&#8220; button_border_radius=&#8220;5px&#8220; button_use_icon=&#8220;off&#8220; custom_padding=&#8220;10px||10px||true|true&#8220; global_colors_info=&#8220;{}&#8220; button_border_width__hover_enabled=&#8220;on|desktop&#8220; button_border_width__hover=&#8220;1px&#8220;][\/et_pb_button][\/et_pb_column][\/et_pb_row][\/et_pb_section][et_pb_section fb_built=&#8220;1&#8243; admin_label=&#8220;Footer&#8220; _builder_version=&#8220;4.19.2&#8243; _module_preset=&#8220;default&#8220; background_color=&#8220;#1F2228&#8243; custom_padding=&#8220;||40px|||&#8220; saved_tabs=&#8220;all&#8220; collapsed=&#8220;on&#8220; global_colors_info=&#8220;{}&#8220; global_module=&#8220;437&#8243; theme_builder_area=&#8220;post_content&#8220;][et_pb_row column_structure=&#8220;1_3,1_3,1_3&#8243; _builder_version=&#8220;4.19.2&#8243; _module_preset=&#8220;default&#8220; border_color_all=&#8220;rgba(255,255,255,0.3)&#8220; border_width_top=&#8220;1px&#8220; global_colors_info=&#8220;{}&#8220; theme_builder_area=&#8220;post_content&#8220;][et_pb_column type=&#8220;1_3&#8243; _builder_version=&#8220;4.19.2&#8243; _module_preset=&#8220;default&#8220; global_colors_info=&#8220;{}&#8220; theme_builder_area=&#8220;post_content&#8220;][et_pb_image src=&#8220;https:\/\/wpdev.codr.run\/wp-content\/uploads\/2024\/01\/Primus_Signatur_20_Jahre_4c.png&#8220; title_text=&#8220;Primus_Signatur_20_Jahre_4c&#8220; align_tablet=&#8220;center&#8220; align_phone=&#8220;&#8220; align_last_edited=&#8220;on|tablet&#8220; _builder_version=&#8220;4.23.4&#8243; _module_preset=&#8220;default&#8220; global_colors_info=&#8220;{}&#8220; theme_builder_area=&#8220;post_content&#8220;][\/et_pb_image][\/et_pb_column][et_pb_column type=&#8220;1_3&#8243; _builder_version=&#8220;4.19.2&#8243; _module_preset=&#8220;default&#8220; custom_padding=&#8220;1vw||||false|false&#8220; custom_padding_tablet=&#8220;0vw||||false|false&#8220; custom_padding_phone=&#8220;&#8220; custom_padding_last_edited=&#8220;on|tablet&#8220; global_colors_info=&#8220;{}&#8220; theme_builder_area=&#8220;post_content&#8220;][\/et_pb_column][et_pb_column type=&#8220;1_3&#8243; _builder_version=&#8220;4.19.2&#8243; _module_preset=&#8220;default&#8220; global_colors_info=&#8220;{}&#8220; theme_builder_area=&#8220;post_content&#8220;][et_pb_text _builder_version=&#8220;4.25.0&#8243; _module_preset=&#8220;3f5ae1b6-f800-488c-ba6d-3535eb5f817c&#8220; link_font=&#8220;Roboto||||||||&#8220; link_text_color=&#8220;rgba(255,255,255,0.7)&#8220; header_6_text_color=&#8220;rgba(255,255,255,0.7)&#8220; text_orientation=&#8220;center&#8220; global_colors_info=&#8220;{}&#8220; theme_builder_area=&#8220;post_content&#8220;]<\/p>\n<h6 style=\"text-align: right;\"><a href=\"\/\">Jobs<\/a><br \/>\n<a href=\"https:\/\/www.primus-personal.de\/kontakt.html\" target=\"_blank\" rel=\"noopener\">Kontakt<\/a><\/h6>\n<h6 style=\"text-align: right;\"><a href=\"https:\/\/www.primus-personal.de\/impressum.html\" target=\"_blank\" rel=\"noopener\">Impressum<\/a><br \/>\n<a href=\"https:\/\/www.primus-personal.de\/datenschutz.html\" target=\"_blank\" rel=\"noopener\">Datenschutz<\/a><br \/>\n<a href=\"https:\/\/www.primus-personal.de\/agb.html\" target=\"_blank\" rel=\"noopener\">AGB<\/a><\/h6>\n<p>[\/et_pb_text][\/et_pb_column][\/et_pb_row][et_pb_row _builder_version=&#8220;4.25.0&#8243; _module_preset=&#8220;default&#8220; custom_margin=&#8220;0px||0px||false|false&#8220; custom_padding=&#8220;10px||0px||false|false&#8220; global_colors_info=&#8220;{}&#8220; theme_builder_area=&#8220;post_content&#8220;][et_pb_column type=&#8220;4_4&#8243; _builder_version=&#8220;4.25.0&#8243; _module_preset=&#8220;default&#8220; global_colors_info=&#8220;{}&#8220; theme_builder_area=&#8220;post_content&#8220;][et_pb_text _builder_version=&#8220;4.25.0&#8243; _module_preset=&#8220;default&#8220; text_font=&#8220;Poppins||||||||&#8220; text_text_color=&#8220;#848484&#8243; text_font_size=&#8220;11px&#8220; text_orientation=&#8220;right&#8220; custom_css_free_form=&#8220;selector a {color:#848484;}||selector a:hover {text-decoration:underline;}&#8220; global_colors_info=&#8220;{}&#8220; text_text_color__hover_enabled=&#8220;off|desktop&#8220; theme_builder_area=&#8220;post_content&#8220;]dev by <a href=\"https:\/\/codr.run\/\" target=\"_blank\" rel=\"noopener\">codr.run<\/a>[\/et_pb_text][\/et_pb_column][\/et_pb_row][\/et_pb_section]<\/p>\n","protected":false},"excerpt":{"rendered":"<p>MONTAGEPrimus PersonalSt\u00e1le hled\u00e1 zaj\u00edmavou a dob\u0159e placenou pr\u00e1ciPak je pro v\u00e1s Primus Personal t\u00edm prav\u00fdm m\u00edstem!JobsElektrik\u00e1\u0159cel\u00e9 N\u011bmecko &#8211; pln\u00fd \u00favazekInstalat\u00e9r cel\u00e9 N\u011bmecko &#8211; pln\u00fd \u00favazekAutomechanikcel\u00e9 N\u011bmecko &#8211; pln\u00fd \u00favazekJobs Kontakt Impressum Datenschutz AGBdev by codr.run<\/p>\n","protected":false},"author":2,"featured_media":0,"parent":0,"menu_order":0,"comment_status":"closed","ping_status":"closed","template":"","meta":{"_et_pb_use_builder":"on","_et_pb_old_content":"","_et_gb_content_width":"","footnotes":""},"class_list":["post-135","page","type-page","status-publish","hentry"],"yoast_head":"<!-- This site is optimized with the Yoast SEO plugin v24.8.1 - https:\/\/yoast.com\/wordpress\/plugins\/seo\/ -->\n<title>Primus Personal - PRIMUS Personal<\/title>\n<meta name=\"robots\" content=\"index, follow, max-snippet:-1, max-image-preview:large, max-video-preview:-1\" \/>\n<link rel=\"canonical\" href=\"https:\/\/primus-personal.com\/\" \/>\n<meta property=\"og:locale\" content=\"cs_CZ\" \/>\n<meta property=\"og:type\" content=\"article\" \/>\n<meta property=\"og:title\" content=\"Primus Personal - PRIMUS Personal\" \/>\n<meta property=\"og:description\" content=\"MONTAGEPrimus PersonalSt\u00e1le hled\u00e1 zaj\u00edmavou a dob\u0159e placenou pr\u00e1ciPak je pro v\u00e1s Primus Personal t\u00edm prav\u00fdm m\u00edstem!JobsElektrik\u00e1\u0159cel\u00e9 N\u011bmecko - pln\u00fd \u00favazekInstalat\u00e9r cel\u00e9 N\u011bmecko - pln\u00fd \u00favazekAutomechanikcel\u00e9 N\u011bmecko - pln\u00fd \u00favazekJobs Kontakt Impressum Datenschutz AGBdev by codr.run\" \/>\n<meta property=\"og:url\" content=\"https:\/\/primus-personal.com\/\" \/>\n<meta property=\"og:site_name\" content=\"PRIMUS Personal\" \/>\n<meta property=\"article:publisher\" content=\"https:\/\/www.facebook.com\/Primus-Personal-203430773022785\" \/>\n<meta property=\"article:modified_time\" content=\"2024-04-24T08:09:17+00:00\" \/>\n<meta name=\"twitter:card\" content=\"summary_large_image\" \/>\n<meta name=\"twitter:label1\" content=\"Odhadovan\u00e1 doba \u010dten\u00ed\" \/>\n\t<meta name=\"twitter:data1\" content=\"7 minut\" \/>\n<script type=\"application\/ld+json\" class=\"yoast-schema-graph\">{\"@context\":\"https:\/\/schema.org\",\"@graph\":[{\"@type\":\"WebPage\",\"@id\":\"https:\/\/primus-personal.com\/\",\"url\":\"https:\/\/primus-personal.com\/\",\"name\":\"Primus Personal - PRIMUS Personal\",\"isPartOf\":{\"@id\":\"https:\/\/primus-personal.com\/#website\"},\"datePublished\":\"2024-01-09T09:09:37+00:00\",\"dateModified\":\"2024-04-24T08:09:17+00:00\",\"breadcrumb\":{\"@id\":\"https:\/\/primus-personal.com\/#breadcrumb\"},\"inLanguage\":\"cs\",\"potentialAction\":[{\"@type\":\"ReadAction\",\"target\":[\"https:\/\/primus-personal.com\/\"]}]},{\"@type\":\"BreadcrumbList\",\"@id\":\"https:\/\/primus-personal.com\/#breadcrumb\",\"itemListElement\":[{\"@type\":\"ListItem\",\"position\":1,\"name\":\"Startseite\",\"item\":\"https:\/\/primus-personal.com\/\"},{\"@type\":\"ListItem\",\"position\":2,\"name\":\"Primus Personal\"}]},{\"@type\":\"WebSite\",\"@id\":\"https:\/\/primus-personal.com\/#website\",\"url\":\"https:\/\/primus-personal.com\/\",\"name\":\"PRIMUS Personal\",\"description\":\"MONTAGE\",\"publisher\":{\"@id\":\"https:\/\/primus-personal.com\/#organization\"},\"potentialAction\":[{\"@type\":\"SearchAction\",\"target\":{\"@type\":\"EntryPoint\",\"urlTemplate\":\"https:\/\/primus-personal.com\/?s={search_term_string}\"},\"query-input\":{\"@type\":\"PropertyValueSpecification\",\"valueRequired\":true,\"valueName\":\"search_term_string\"}}],\"inLanguage\":\"cs\"},{\"@type\":\"Organization\",\"@id\":\"https:\/\/primus-personal.com\/#organization\",\"name\":\"PRIMUS Personal\",\"url\":\"https:\/\/primus-personal.com\/\",\"logo\":{\"@type\":\"ImageObject\",\"inLanguage\":\"cs\",\"@id\":\"https:\/\/primus-personal.com\/#\/schema\/logo\/image\/\",\"url\":\"https:\/\/primus-personal.com\/wp-content\/uploads\/2024\/01\/Primus_Signatur_20_Jahre_4c.png\",\"contentUrl\":\"https:\/\/primus-personal.com\/wp-content\/uploads\/2024\/01\/Primus_Signatur_20_Jahre_4c.png\",\"width\":891,\"height\":277,\"caption\":\"PRIMUS Personal\"},\"image\":{\"@id\":\"https:\/\/primus-personal.com\/#\/schema\/logo\/image\/\"},\"sameAs\":[\"https:\/\/www.facebook.com\/Primus-Personal-203430773022785\",\"https:\/\/www.xing.com\/companies\/primuspersonaldienstleistungengmbh\"]}]}<\/script>\n<!-- \/ Yoast SEO plugin. -->","yoast_head_json":{"title":"Primus Personal - PRIMUS Personal","robots":{"index":"index","follow":"follow","max-snippet":"max-snippet:-1","max-image-preview":"max-image-preview:large","max-video-preview":"max-video-preview:-1"},"canonical":"https:\/\/primus-personal.com\/","og_locale":"cs_CZ","og_type":"article","og_title":"Primus Personal - PRIMUS Personal","og_description":"MONTAGEPrimus PersonalSt\u00e1le hled\u00e1 zaj\u00edmavou a dob\u0159e placenou pr\u00e1ciPak je pro v\u00e1s Primus Personal t\u00edm prav\u00fdm m\u00edstem!JobsElektrik\u00e1\u0159cel\u00e9 N\u011bmecko - pln\u00fd \u00favazekInstalat\u00e9r cel\u00e9 N\u011bmecko - pln\u00fd \u00favazekAutomechanikcel\u00e9 N\u011bmecko - pln\u00fd \u00favazekJobs Kontakt Impressum Datenschutz AGBdev by codr.run","og_url":"https:\/\/primus-personal.com\/","og_site_name":"PRIMUS Personal","article_publisher":"https:\/\/www.facebook.com\/Primus-Personal-203430773022785","article_modified_time":"2024-04-24T08:09:17+00:00","twitter_card":"summary_large_image","twitter_misc":{"Odhadovan\u00e1 doba \u010dten\u00ed":"7 minut"},"schema":{"@context":"https:\/\/schema.org","@graph":[{"@type":"WebPage","@id":"https:\/\/primus-personal.com\/","url":"https:\/\/primus-personal.com\/","name":"Primus Personal - PRIMUS Personal","isPartOf":{"@id":"https:\/\/primus-personal.com\/#website"},"datePublished":"2024-01-09T09:09:37+00:00","dateModified":"2024-04-24T08:09:17+00:00","breadcrumb":{"@id":"https:\/\/primus-personal.com\/#breadcrumb"},"inLanguage":"cs","potentialAction":[{"@type":"ReadAction","target":["https:\/\/primus-personal.com\/"]}]},{"@type":"BreadcrumbList","@id":"https:\/\/primus-personal.com\/#breadcrumb","itemListElement":[{"@type":"ListItem","position":1,"name":"Startseite","item":"https:\/\/primus-personal.com\/"},{"@type":"ListItem","position":2,"name":"Primus Personal"}]},{"@type":"WebSite","@id":"https:\/\/primus-personal.com\/#website","url":"https:\/\/primus-personal.com\/","name":"PRIMUS Personal","description":"MONTAGE","publisher":{"@id":"https:\/\/primus-personal.com\/#organization"},"potentialAction":[{"@type":"SearchAction","target":{"@type":"EntryPoint","urlTemplate":"https:\/\/primus-personal.com\/?s={search_term_string}"},"query-input":{"@type":"PropertyValueSpecification","valueRequired":true,"valueName":"search_term_string"}}],"inLanguage":"cs"},{"@type":"Organization","@id":"https:\/\/primus-personal.com\/#organization","name":"PRIMUS Personal","url":"https:\/\/primus-personal.com\/","logo":{"@type":"ImageObject","inLanguage":"cs","@id":"https:\/\/primus-personal.com\/#\/schema\/logo\/image\/","url":"https:\/\/primus-personal.com\/wp-content\/uploads\/2024\/01\/Primus_Signatur_20_Jahre_4c.png","contentUrl":"https:\/\/primus-personal.com\/wp-content\/uploads\/2024\/01\/Primus_Signatur_20_Jahre_4c.png","width":891,"height":277,"caption":"PRIMUS Personal"},"image":{"@id":"https:\/\/primus-personal.com\/#\/schema\/logo\/image\/"},"sameAs":["https:\/\/www.facebook.com\/Primus-Personal-203430773022785","https:\/\/www.xing.com\/companies\/primuspersonaldienstleistungengmbh"]}]}},"_links":{"self":[{"href":"https:\/\/primus-personal.com\/cs\/wp-json\/wp\/v2\/pages\/135","targetHints":{"allow":["GET"]}}],"collection":[{"href":"https:\/\/primus-personal.com\/cs\/wp-json\/wp\/v2\/pages"}],"about":[{"href":"https:\/\/primus-personal.com\/cs\/wp-json\/wp\/v2\/types\/page"}],"author":[{"embeddable":true,"href":"https:\/\/primus-personal.com\/cs\/wp-json\/wp\/v2\/users\/2"}],"replies":[{"embeddable":true,"href":"https:\/\/primus-personal.com\/cs\/wp-json\/wp\/v2\/comments?post=135"}],"version-history":[{"count":30,"href":"https:\/\/primus-personal.com\/cs\/wp-json\/wp\/v2\/pages\/135\/revisions"}],"predecessor-version":[{"id":451,"href":"https:\/\/primus-personal.com\/cs\/wp-json\/wp\/v2\/pages\/135\/revisions\/451"}],"wp:attachment":[{"href":"https:\/\/primus-personal.com\/cs\/wp-json\/wp\/v2\/media?parent=135"}],"curies":[{"name":"wp","href":"https:\/\/api.w.org\/{rel}","templated":true}]}}