{"id":325,"date":"2024-01-09T11:09:37","date_gmt":"2024-01-09T09:09:37","guid":{"rendered":"https:\/\/wpdev.codr.run\/primus-personal-pl\/"},"modified":"2024-04-24T09:44:52","modified_gmt":"2024-04-24T07:44:52","slug":"primus-personal-pl","status":"publish","type":"page","link":"https:\/\/primus-personal.com\/pl\/","title":{"rendered":"Primus Personal"},"content":{"rendered":"<p>[et_pb_section fb_built=&#8221;1&#8243; admin_label=&#8221;Header&#8221; _builder_version=&#8221;4.25.0&#8243; _module_preset=&#8221;default&#8221; background_color=&#8221;#4449E0&#8243; max_height=&#8221;400px&#8221; collapsed=&#8221;off&#8221; global_colors_info=&#8221;{}&#8221;][et_pb_row column_structure=&#8221;3_5,2_5&#8243; _builder_version=&#8221;4.19.2&#8243; _module_preset=&#8221;default&#8221; global_colors_info=&#8221;{}&#8221;][et_pb_column type=&#8221;3_5&#8243; _builder_version=&#8221;4.19.2&#8243; _module_preset=&#8221;default&#8221; global_colors_info=&#8221;{}&#8221;][et_pb_text _builder_version=&#8221;4.23.4&#8243; _module_preset=&#8221;46b2930d-1d03-448e-a1af-4b2579c34527&#8243; text_font_size=&#8221;19px&#8221; header_4_text_color=&#8221;#FFFFFF&#8221; header_4_font_size=&#8221;16px&#8221; custom_margin=&#8221;||-10px||false|false&#8221; global_colors_info=&#8221;{}&#8221;]<\/p>\n<h4>MONTAGE<\/h4>\n<p>[\/et_pb_text][et_pb_text _builder_version=&#8221;4.23.4&#8243; _module_preset=&#8221;bc5594e2-6e27-40d1-b091-cd58b97dead5&#8243; header_font=&#8221;Orbitron|700||on|||||&#8221; header_text_color=&#8221;#FFFFFF&#8221; header_font_size=&#8221;52px&#8221; z_index=&#8221;12&#8243; global_colors_info=&#8221;{}&#8221;]<\/p>\n<h1>Primus Personal<\/h1>\n<p>[\/et_pb_text][et_pb_text _builder_version=&#8221;4.24.2&#8243; _module_preset=&#8221;169e6081-40cc-47d2-9293-73afcfb744ee&#8221; text_font=&#8221;|700|||||||&#8221; text_text_color=&#8221;#FFFFFF&#8221; text_font_size=&#8221;18px&#8221; global_colors_info=&#8221;{}&#8221;]<\/p>\n<p>Wci\u0105\u017c poszukuj\u0119 ciekawej i dobrze p\u0142atnej pracy<br \/>Zatem <span style=\"text-decoration: underline;\">Primus Personal<\/span> jest w\u0142a\u015bciwym miejscem dla Ciebie!<\/p>\n<p>[\/et_pb_text][\/et_pb_column][et_pb_column type=&#8221;2_5&#8243; _builder_version=&#8221;4.19.2&#8243; _module_preset=&#8221;default&#8221; global_colors_info=&#8221;{}&#8221;][et_pb_image src=&#8221;https:\/\/wpdev.codr.run\/wp-content\/uploads\/2024\/03\/primus-personal-montage-job-de.webp&#8221; alt=&#8221;primus-personal-montage-job-de&#8221; title_text=&#8221;primus-personal-montage-job-de&#8221; align=&#8221;center&#8221; disabled_on=&#8221;off|off|off&#8221; _builder_version=&#8221;4.24.2&#8243; _module_preset=&#8221;default&#8221; custom_padding=&#8221;|||20px|false|false&#8221; global_colors_info=&#8221;{}&#8221;][\/et_pb_image][\/et_pb_column][\/et_pb_row][\/et_pb_section][et_pb_section fb_built=&#8221;1&#8243; admin_label=&#8221;Courses&#8221; _builder_version=&#8221;4.19.2&#8243; _module_preset=&#8221;default&#8221; background_color=&#8221;#F8FAFB&#8221; collapsed=&#8221;off&#8221; global_colors_info=&#8221;{}&#8221;][et_pb_row _builder_version=&#8221;4.19.2&#8243; _module_preset=&#8221;default&#8221; global_colors_info=&#8221;{}&#8221;][et_pb_column type=&#8221;4_4&#8243; _builder_version=&#8221;4.19.2&#8243; _module_preset=&#8221;default&#8221; global_colors_info=&#8221;{}&#8221;][et_pb_text _builder_version=&#8221;4.24.2&#8243; _module_preset=&#8221;06f971e5-3766-479d-b5fd-edc350a71ce9&#8243; text_orientation=&#8221;center&#8221; custom_margin=&#8221;50px||-50px||false|false&#8221; global_colors_info=&#8221;{}&#8221;]<\/p>\n<h2>Jobs<\/h2>\n<p>[\/et_pb_text][\/et_pb_column][\/et_pb_row][et_pb_row column_structure=&#8221;1_3,1_3,1_3&#8243; make_equal=&#8221;on&#8221; custom_padding_last_edited=&#8221;on|tablet&#8221; _builder_version=&#8221;4.24.2&#8243; _module_preset=&#8221;default&#8221; custom_padding_tablet=&#8221;||0px||false|false&#8221; custom_padding_phone=&#8221;||0px||false|false&#8221; global_colors_info=&#8221;{}&#8221;][et_pb_column type=&#8221;1_3&#8243; _builder_version=&#8221;4.19.2&#8243; _module_preset=&#8221;default&#8221; background_color=&#8221;#FFFFFF&#8221; custom_padding=&#8221;20px|20px|20px|20px|true|true&#8221; border_radii=&#8221;on|15px|15px|15px|15px&#8221; global_colors_info=&#8221;{}&#8221;][et_pb_image src=&#8221;https:\/\/wpdev.codr.run\/wp-content\/uploads\/2024\/03\/primus-personal-montage-elektriker-square.webp&#8221; alt=&#8221;primus-personal-montage-elektriker-square&#8221; title_text=&#8221;primus-personal-montage-elektriker-square&#8221; url=&#8221;https:\/\/wpdev.codr.run\/pl\/primus-personal-elektriker-pl\/&#8221; align=&#8221;center&#8221; _builder_version=&#8221;4.24.2&#8243; _module_preset=&#8221;default&#8221; background_color=&#8221;#FFFFFF&#8221; background_enable_image=&#8221;off&#8221; custom_padding=&#8221;0px|0px|0px|0px|true|true&#8221; border_radii=&#8221;off|50px||50px|&#8221; global_colors_info=&#8221;{}&#8221;][\/et_pb_image][et_pb_text _builder_version=&#8221;4.19.2&#8243; _module_preset=&#8221;cd8a8474-0336-4d4c-9e35-3733c021206f&#8221; custom_margin=&#8221;||0px||false|false&#8221; global_colors_info=&#8221;{}&#8221;]<\/p>\n<h3>Elektryk<\/h3>\n<p>[\/et_pb_text][et_pb_text _builder_version=&#8221;4.24.2&#8243; _module_preset=&#8221;58f808e8-7ae3-4b54-83bb-b0915097b9d0&#8243; global_colors_info=&#8221;{}&#8221;](ca\u0142e Niemcy-Pe\u0142ny etat)[\/et_pb_text][et_pb_button button_url=&#8221;https:\/\/wpdev.codr.run\/pl\/primus-personal-elektriker-pl\/&#8221; button_text=&#8221;OPIS PRACY&#8221; button_alignment=&#8221;center&#8221; _builder_version=&#8221;4.24.2&#8243; _module_preset=&#8221;default&#8221; custom_button=&#8221;on&#8221; button_border_width=&#8221;1px&#8221; button_border_radius=&#8221;5px&#8221; button_use_icon=&#8221;off&#8221; custom_padding=&#8221;10px||10px||true|true&#8221; global_colors_info=&#8221;{}&#8221; button_border_width__hover_enabled=&#8221;on|desktop&#8221; button_border_width__hover=&#8221;1px&#8221;][\/et_pb_button][et_pb_button _builder_version=&#8221;4.24.2&#8243; _module_preset=&#8221;default&#8221; global_colors_info=&#8221;{}&#8221;][\/et_pb_button][\/et_pb_column][et_pb_column type=&#8221;1_3&#8243; _builder_version=&#8221;4.19.2&#8243; _module_preset=&#8221;default&#8221; background_color=&#8221;#FFFFFF&#8221; custom_padding=&#8221;20px|20px|20px|20px|true|true&#8221; border_radii=&#8221;on|15px|15px|15px|15px&#8221; global_colors_info=&#8221;{}&#8221;][et_pb_image src=&#8221;https:\/\/wpdev.codr.run\/wp-content\/uploads\/2024\/03\/primus-personal-montage-klempner-square.webp&#8221; alt=&#8221;primus-personal-montage-klempner-square&#8221; title_text=&#8221;primus-personal-montage-klempner-square&#8221; url=&#8221;https:\/\/wpdev.codr.run\/pl\/primus-personal-klempner-pl\/&#8221; align=&#8221;center&#8221; _builder_version=&#8221;4.24.2&#8243; _module_preset=&#8221;default&#8221; background_color=&#8221;#FFFFFF&#8221; background_enable_image=&#8221;off&#8221; custom_padding=&#8221;0px|0px|0px|0px|true|true&#8221; border_radii=&#8221;off|50px||50px|&#8221; global_colors_info=&#8221;{}&#8221;][\/et_pb_image][et_pb_text _builder_version=&#8221;4.24.2&#8243; _module_preset=&#8221;cd8a8474-0336-4d4c-9e35-3733c021206f&#8221; custom_margin=&#8221;||0px||false|false&#8221; global_colors_info=&#8221;{}&#8221;]<\/p>\n<h3>Hydraulik <\/h3>\n<p>[\/et_pb_text][et_pb_text _builder_version=&#8221;4.24.2&#8243; _module_preset=&#8221;58f808e8-7ae3-4b54-83bb-b0915097b9d0&#8243; global_colors_info=&#8221;{}&#8221;](ca\u0142e Niemcy-Pe\u0142ny etat)[\/et_pb_text][et_pb_button button_url=&#8221;https:\/\/wpdev.codr.run\/pl\/primus-personal-klempner-pl\/&#8221; button_text=&#8221;OPIS PRACY&#8221; button_alignment=&#8221;center&#8221; _builder_version=&#8221;4.24.2&#8243; _module_preset=&#8221;default&#8221; custom_button=&#8221;on&#8221; button_border_width=&#8221;1px&#8221; button_border_radius=&#8221;5px&#8221; button_use_icon=&#8221;off&#8221; custom_padding=&#8221;10px||10px||true|true&#8221; global_colors_info=&#8221;{}&#8221; button_border_width__hover_enabled=&#8221;on|desktop&#8221; button_border_width__hover=&#8221;1px&#8221;][\/et_pb_button][\/et_pb_column][et_pb_column type=&#8221;1_3&#8243; _builder_version=&#8221;4.19.2&#8243; _module_preset=&#8221;default&#8221; background_color=&#8221;#FFFFFF&#8221; custom_padding=&#8221;20px|20px|20px|20px|true|true&#8221; border_radii=&#8221;on|15px|15px|15px|15px&#8221; global_colors_info=&#8221;{}&#8221;][et_pb_image src=&#8221;https:\/\/wpdev.codr.run\/wp-content\/uploads\/2024\/03\/primus-personal-montage-kfz-mechaniker-square.webp&#8221; alt=&#8221;primus-personal-montage-kfz-mechaniker-square&#8221; title_text=&#8221;primus-personal-montage-kfz-mechaniker-square&#8221; url=&#8221;https:\/\/wpdev.codr.run\/pl\/primus-personal-kfz-lkw-mechaniker-pl\/&#8221; align=&#8221;center&#8221; _builder_version=&#8221;4.24.2&#8243; _module_preset=&#8221;default&#8221; background_color=&#8221;#FFFFFF&#8221; background_enable_image=&#8221;off&#8221; custom_padding=&#8221;0px|0px|0px|0px|true|true&#8221; border_radii=&#8221;off|50px||50px|&#8221; global_colors_info=&#8221;{}&#8221;][\/et_pb_image][et_pb_text _builder_version=&#8221;4.23.4&#8243; _module_preset=&#8221;cd8a8474-0336-4d4c-9e35-3733c021206f&#8221; custom_margin=&#8221;||0px||false|false&#8221; global_colors_info=&#8221;{}&#8221;]<\/p>\n<h3>Mechanik samochodowy<\/h3>\n<p>[\/et_pb_text][et_pb_text _builder_version=&#8221;4.24.2&#8243; _module_preset=&#8221;58f808e8-7ae3-4b54-83bb-b0915097b9d0&#8243; global_colors_info=&#8221;{}&#8221;](ca\u0142e Niemcy-Pe\u0142ny etat)[\/et_pb_text][et_pb_button button_url=&#8221;https:\/\/wpdev.codr.run\/pl\/primus-personal-kfz-lkw-mechaniker-pl\/&#8221; button_text=&#8221;OPIS PRACY&#8221; button_alignment=&#8221;center&#8221; _builder_version=&#8221;4.24.2&#8243; _module_preset=&#8221;default&#8221; custom_button=&#8221;on&#8221; button_border_width=&#8221;1px&#8221; button_border_radius=&#8221;5px&#8221; button_use_icon=&#8221;off&#8221; custom_padding=&#8221;10px||10px||true|true&#8221; global_colors_info=&#8221;{}&#8221; button_border_width__hover_enabled=&#8221;on|desktop&#8221; button_border_width__hover=&#8221;1px&#8221;][\/et_pb_button][\/et_pb_column][\/et_pb_row][\/et_pb_section][et_pb_section fb_built=&#8221;1&#8243; admin_label=&#8221;Footer&#8221; _builder_version=&#8221;4.19.2&#8243; _module_preset=&#8221;default&#8221; background_color=&#8221;#1F2228&#8243; custom_padding=&#8221;||40px|||&#8221; saved_tabs=&#8221;all&#8221; collapsed=&#8221;on&#8221; global_colors_info=&#8221;{}&#8221; theme_builder_area=&#8221;post_content&#8221;][et_pb_row column_structure=&#8221;1_3,1_3,1_3&#8243; _builder_version=&#8221;4.19.2&#8243; _module_preset=&#8221;default&#8221; border_color_all=&#8221;rgba(255,255,255,0.3)&#8221; border_width_top=&#8221;1px&#8221; global_colors_info=&#8221;{}&#8221; theme_builder_area=&#8221;post_content&#8221;][et_pb_column type=&#8221;1_3&#8243; _builder_version=&#8221;4.19.2&#8243; _module_preset=&#8221;default&#8221; global_colors_info=&#8221;{}&#8221; theme_builder_area=&#8221;post_content&#8221;][et_pb_image src=&#8221;https:\/\/wpdev.codr.run\/wp-content\/uploads\/2024\/01\/Primus_Signatur_20_Jahre_4c.png&#8221; title_text=&#8221;Primus_Signatur_20_Jahre_4c&#8221; align_tablet=&#8221;center&#8221; align_phone=&#8221;&#8221; align_last_edited=&#8221;on|tablet&#8221; _builder_version=&#8221;4.23.4&#8243; _module_preset=&#8221;default&#8221; global_colors_info=&#8221;{}&#8221; theme_builder_area=&#8221;post_content&#8221;][\/et_pb_image][\/et_pb_column][et_pb_column type=&#8221;1_3&#8243; _builder_version=&#8221;4.19.2&#8243; _module_preset=&#8221;default&#8221; custom_padding=&#8221;1vw||||false|false&#8221; custom_padding_tablet=&#8221;0vw||||false|false&#8221; custom_padding_phone=&#8221;&#8221; custom_padding_last_edited=&#8221;on|tablet&#8221; global_colors_info=&#8221;{}&#8221; theme_builder_area=&#8221;post_content&#8221;][\/et_pb_column][et_pb_column type=&#8221;1_3&#8243; _builder_version=&#8221;4.19.2&#8243; _module_preset=&#8221;default&#8221; global_colors_info=&#8221;{}&#8221; theme_builder_area=&#8221;post_content&#8221;][et_pb_text _builder_version=&#8221;4.25.0&#8243; _module_preset=&#8221;3f5ae1b6-f800-488c-ba6d-3535eb5f817c&#8221; link_font=&#8221;Roboto||||||||&#8221; link_text_color=&#8221;rgba(255,255,255,0.7)&#8221; header_6_text_color=&#8221;rgba(255,255,255,0.7)&#8221; text_orientation=&#8221;center&#8221; global_colors_info=&#8221;{}&#8221; theme_builder_area=&#8221;post_content&#8221;]<\/p>\n<h6 style=\"text-align: right;\"><a href=\"\/\">Jobs<\/a><br \/>\n<a href=\"https:\/\/www.primus-personal.de\/kontakt.html\" target=\"_blank\" rel=\"noopener\">Kontakt<\/a><\/h6>\n<h6 style=\"text-align: right;\"><a href=\"https:\/\/www.primus-personal.de\/impressum.html\" target=\"_blank\" rel=\"noopener\">Impressum<\/a><br \/>\n<a href=\"https:\/\/www.primus-personal.de\/datenschutz.html\" target=\"_blank\" rel=\"noopener\">Datenschutz<\/a><br \/>\n<a href=\"https:\/\/www.primus-personal.de\/agb.html\" target=\"_blank\" rel=\"noopener\">AGB<\/a><\/h6>\n<p>[\/et_pb_text][\/et_pb_column][\/et_pb_row][et_pb_row _builder_version=&#8221;4.25.0&#8243; _module_preset=&#8221;default&#8221; custom_margin=&#8221;0px||0px||false|false&#8221; custom_padding=&#8221;10px||0px||false|false&#8221; global_colors_info=&#8221;{}&#8221; theme_builder_area=&#8221;post_content&#8221;][et_pb_column type=&#8221;4_4&#8243; _builder_version=&#8221;4.25.0&#8243; _module_preset=&#8221;default&#8221; global_colors_info=&#8221;{}&#8221; theme_builder_area=&#8221;post_content&#8221;][et_pb_text _builder_version=&#8221;4.25.0&#8243; _module_preset=&#8221;default&#8221; text_font=&#8221;Poppins||||||||&#8221; text_text_color=&#8221;#848484&#8243; text_font_size=&#8221;11px&#8221; text_orientation=&#8221;right&#8221; custom_css_free_form=&#8221;selector a {color:#848484;}||selector a:hover {text-decoration:underline;}&#8221; global_colors_info=&#8221;{}&#8221; text_text_color__hover_enabled=&#8221;off|desktop&#8221; theme_builder_area=&#8221;post_content&#8221;]dev by <a href=\"https:\/\/codr.run\/\" target=\"_blank\" rel=\"noopener\">codr.run<\/a>[\/et_pb_text][\/et_pb_column][\/et_pb_row][\/et_pb_section]<\/p>\n","protected":false},"excerpt":{"rendered":"<p>MONTAGEPrimus PersonalWci\u0105\u017c poszukuj\u0119 ciekawej i dobrze p\u0142atnej pracyZatem Primus Personal jest w\u0142a\u015bciwym miejscem dla Ciebie!JobsElektryk(ca\u0142e Niemcy-Pe\u0142ny etat)Hydraulik (ca\u0142e Niemcy-Pe\u0142ny etat)Mechanik samochodowy(ca\u0142e Niemcy-Pe\u0142ny etat)Jobs Kontakt Impressum Datenschutz AGBdev by codr.run<\/p>\n","protected":false},"author":2,"featured_media":0,"parent":0,"menu_order":0,"comment_status":"closed","ping_status":"closed","template":"","meta":{"_et_pb_use_builder":"on","_et_pb_old_content":"","_et_gb_content_width":"","footnotes":""},"class_list":["post-325","page","type-page","status-publish","hentry"],"yoast_head":"<!-- This site is optimized with the Yoast SEO plugin v24.8.1 - https:\/\/yoast.com\/wordpress\/plugins\/seo\/ -->\n<title>Primus Personal - PRIMUS Personal<\/title>\n<meta name=\"robots\" content=\"index, follow, max-snippet:-1, max-image-preview:large, max-video-preview:-1\" \/>\n<link rel=\"canonical\" href=\"https:\/\/primus-personal.com\/\" \/>\n<meta property=\"og:locale\" content=\"pl_PL\" \/>\n<meta property=\"og:type\" content=\"article\" \/>\n<meta property=\"og:title\" content=\"Primus Personal - PRIMUS Personal\" \/>\n<meta property=\"og:description\" content=\"MONTAGEPrimus PersonalWci\u0105\u017c poszukuj\u0119 ciekawej i dobrze p\u0142atnej pracyZatem Primus Personal jest w\u0142a\u015bciwym miejscem dla Ciebie!JobsElektryk(ca\u0142e Niemcy-Pe\u0142ny etat)Hydraulik (ca\u0142e Niemcy-Pe\u0142ny etat)Mechanik samochodowy(ca\u0142e Niemcy-Pe\u0142ny etat)Jobs Kontakt Impressum Datenschutz AGBdev by codr.run\" \/>\n<meta property=\"og:url\" content=\"https:\/\/primus-personal.com\/\" \/>\n<meta property=\"og:site_name\" content=\"PRIMUS Personal\" \/>\n<meta property=\"article:publisher\" content=\"https:\/\/www.facebook.com\/Primus-Personal-203430773022785\" \/>\n<meta property=\"article:modified_time\" content=\"2024-04-24T07:44:52+00:00\" \/>\n<meta name=\"twitter:card\" content=\"summary_large_image\" \/>\n<meta name=\"twitter:label1\" content=\"Szacowany czas czytania\" \/>\n\t<meta name=\"twitter:data1\" content=\"7 minut\" \/>\n<script type=\"application\/ld+json\" class=\"yoast-schema-graph\">{\"@context\":\"https:\/\/schema.org\",\"@graph\":[{\"@type\":\"WebPage\",\"@id\":\"https:\/\/primus-personal.com\/\",\"url\":\"https:\/\/primus-personal.com\/\",\"name\":\"Primus Personal - PRIMUS Personal\",\"isPartOf\":{\"@id\":\"https:\/\/primus-personal.com\/#website\"},\"datePublished\":\"2024-01-09T09:09:37+00:00\",\"dateModified\":\"2024-04-24T07:44:52+00:00\",\"breadcrumb\":{\"@id\":\"https:\/\/primus-personal.com\/#breadcrumb\"},\"inLanguage\":\"pl-PL\",\"potentialAction\":[{\"@type\":\"ReadAction\",\"target\":[\"https:\/\/primus-personal.com\/\"]}]},{\"@type\":\"BreadcrumbList\",\"@id\":\"https:\/\/primus-personal.com\/#breadcrumb\",\"itemListElement\":[{\"@type\":\"ListItem\",\"position\":1,\"name\":\"Startseite\",\"item\":\"https:\/\/primus-personal.com\/\"},{\"@type\":\"ListItem\",\"position\":2,\"name\":\"Primus Personal\"}]},{\"@type\":\"WebSite\",\"@id\":\"https:\/\/primus-personal.com\/#website\",\"url\":\"https:\/\/primus-personal.com\/\",\"name\":\"PRIMUS Personal\",\"description\":\"MONTAGE\",\"publisher\":{\"@id\":\"https:\/\/primus-personal.com\/#organization\"},\"potentialAction\":[{\"@type\":\"SearchAction\",\"target\":{\"@type\":\"EntryPoint\",\"urlTemplate\":\"https:\/\/primus-personal.com\/?s={search_term_string}\"},\"query-input\":{\"@type\":\"PropertyValueSpecification\",\"valueRequired\":true,\"valueName\":\"search_term_string\"}}],\"inLanguage\":\"pl-PL\"},{\"@type\":\"Organization\",\"@id\":\"https:\/\/primus-personal.com\/#organization\",\"name\":\"PRIMUS Personal\",\"url\":\"https:\/\/primus-personal.com\/\",\"logo\":{\"@type\":\"ImageObject\",\"inLanguage\":\"pl-PL\",\"@id\":\"https:\/\/primus-personal.com\/#\/schema\/logo\/image\/\",\"url\":\"https:\/\/primus-personal.com\/wp-content\/uploads\/2024\/01\/Primus_Signatur_20_Jahre_4c.png\",\"contentUrl\":\"https:\/\/primus-personal.com\/wp-content\/uploads\/2024\/01\/Primus_Signatur_20_Jahre_4c.png\",\"width\":891,\"height\":277,\"caption\":\"PRIMUS Personal\"},\"image\":{\"@id\":\"https:\/\/primus-personal.com\/#\/schema\/logo\/image\/\"},\"sameAs\":[\"https:\/\/www.facebook.com\/Primus-Personal-203430773022785\",\"https:\/\/www.xing.com\/companies\/primuspersonaldienstleistungengmbh\"]}]}<\/script>\n<!-- \/ Yoast SEO plugin. -->","yoast_head_json":{"title":"Primus Personal - PRIMUS Personal","robots":{"index":"index","follow":"follow","max-snippet":"max-snippet:-1","max-image-preview":"max-image-preview:large","max-video-preview":"max-video-preview:-1"},"canonical":"https:\/\/primus-personal.com\/","og_locale":"pl_PL","og_type":"article","og_title":"Primus Personal - PRIMUS Personal","og_description":"MONTAGEPrimus PersonalWci\u0105\u017c poszukuj\u0119 ciekawej i dobrze p\u0142atnej pracyZatem Primus Personal jest w\u0142a\u015bciwym miejscem dla Ciebie!JobsElektryk(ca\u0142e Niemcy-Pe\u0142ny etat)Hydraulik (ca\u0142e Niemcy-Pe\u0142ny etat)Mechanik samochodowy(ca\u0142e Niemcy-Pe\u0142ny etat)Jobs Kontakt Impressum Datenschutz AGBdev by codr.run","og_url":"https:\/\/primus-personal.com\/","og_site_name":"PRIMUS Personal","article_publisher":"https:\/\/www.facebook.com\/Primus-Personal-203430773022785","article_modified_time":"2024-04-24T07:44:52+00:00","twitter_card":"summary_large_image","twitter_misc":{"Szacowany czas czytania":"7 minut"},"schema":{"@context":"https:\/\/schema.org","@graph":[{"@type":"WebPage","@id":"https:\/\/primus-personal.com\/","url":"https:\/\/primus-personal.com\/","name":"Primus Personal - PRIMUS Personal","isPartOf":{"@id":"https:\/\/primus-personal.com\/#website"},"datePublished":"2024-01-09T09:09:37+00:00","dateModified":"2024-04-24T07:44:52+00:00","breadcrumb":{"@id":"https:\/\/primus-personal.com\/#breadcrumb"},"inLanguage":"pl-PL","potentialAction":[{"@type":"ReadAction","target":["https:\/\/primus-personal.com\/"]}]},{"@type":"BreadcrumbList","@id":"https:\/\/primus-personal.com\/#breadcrumb","itemListElement":[{"@type":"ListItem","position":1,"name":"Startseite","item":"https:\/\/primus-personal.com\/"},{"@type":"ListItem","position":2,"name":"Primus Personal"}]},{"@type":"WebSite","@id":"https:\/\/primus-personal.com\/#website","url":"https:\/\/primus-personal.com\/","name":"PRIMUS Personal","description":"MONTAGE","publisher":{"@id":"https:\/\/primus-personal.com\/#organization"},"potentialAction":[{"@type":"SearchAction","target":{"@type":"EntryPoint","urlTemplate":"https:\/\/primus-personal.com\/?s={search_term_string}"},"query-input":{"@type":"PropertyValueSpecification","valueRequired":true,"valueName":"search_term_string"}}],"inLanguage":"pl-PL"},{"@type":"Organization","@id":"https:\/\/primus-personal.com\/#organization","name":"PRIMUS Personal","url":"https:\/\/primus-personal.com\/","logo":{"@type":"ImageObject","inLanguage":"pl-PL","@id":"https:\/\/primus-personal.com\/#\/schema\/logo\/image\/","url":"https:\/\/primus-personal.com\/wp-content\/uploads\/2024\/01\/Primus_Signatur_20_Jahre_4c.png","contentUrl":"https:\/\/primus-personal.com\/wp-content\/uploads\/2024\/01\/Primus_Signatur_20_Jahre_4c.png","width":891,"height":277,"caption":"PRIMUS Personal"},"image":{"@id":"https:\/\/primus-personal.com\/#\/schema\/logo\/image\/"},"sameAs":["https:\/\/www.facebook.com\/Primus-Personal-203430773022785","https:\/\/www.xing.com\/companies\/primuspersonaldienstleistungengmbh"]}]}},"_links":{"self":[{"href":"https:\/\/primus-personal.com\/pl\/wp-json\/wp\/v2\/pages\/325","targetHints":{"allow":["GET"]}}],"collection":[{"href":"https:\/\/primus-personal.com\/pl\/wp-json\/wp\/v2\/pages"}],"about":[{"href":"https:\/\/primus-personal.com\/pl\/wp-json\/wp\/v2\/types\/page"}],"author":[{"embeddable":true,"href":"https:\/\/primus-personal.com\/pl\/wp-json\/wp\/v2\/users\/2"}],"replies":[{"embeddable":true,"href":"https:\/\/primus-personal.com\/pl\/wp-json\/wp\/v2\/comments?post=325"}],"version-history":[{"count":13,"href":"https:\/\/primus-personal.com\/pl\/wp-json\/wp\/v2\/pages\/325\/revisions"}],"predecessor-version":[{"id":429,"href":"https:\/\/primus-personal.com\/pl\/wp-json\/wp\/v2\/pages\/325\/revisions\/429"}],"wp:attachment":[{"href":"https:\/\/primus-personal.com\/pl\/wp-json\/wp\/v2\/media?parent=325"}],"curies":[{"name":"wp","href":"https:\/\/api.w.org\/{rel}","templated":true}]}}